{"id":172,"date":"2022-10-13T12:22:28","date_gmt":"2022-10-13T10:22:28","guid":{"rendered":"https:\/\/www.gibak.es\/?page_id=172"},"modified":"2024-10-01T10:36:18","modified_gmt":"2024-10-01T08:36:18","slug":"politica-de-cookies","status":"publish","type":"page","link":"https:\/\/www.gibak.es\/eu\/politica-de-cookies\/","title":{"rendered":"Cookien politika"},"content":{"rendered":"<p>Webgune honetan, informazioa gure pribatutasun-politikan azaltzen den moduan biltzen eta erabiltzen dugu. Informazioa biltzeko moduetako bat &quot;cookie&quot; izeneko teknologia erabiltzea da. Gibak.es-en, cookieak hainbat helburutarako erabiltzen ditugu.<\/p>\n\n\n\n<h2 class=\"wp-block-heading\" id=\"que-es-una-cookie\">Zer da cookie bat?<\/h2>\n\n\n\n<p>&quot;Cookie&quot; bat zure arakatzailean gordetzen den testu kopuru txiki bat da <em>(adibidez, Google Chrome edo Apple Safari)<\/em> webgune gehienak arakatzen dituzunean.<\/p>\n\n\n\n<h2 class=\"wp-block-heading\" id=\"aceptacion-de-cookies\">Cookien onarpena<\/h2>\n\n\n\n<p>Webgune edo aplikazio honetara lehen aldiz sartzen zarenean, abisu bat agertuko da cookien erabilerari buruz eta cookie politika hau non ikus dezakezun jakinaraziz.&nbsp;<\/p>\n\n\n\n<p>Ez da cookierik deskargatuko erabiltzaileak berariaz cookien instalazioa baimendu arte. Erabiltzaileak cookieak erabiltzea onartzen badu, bere ordenagailuan edo gailuan instalatuko dira.<\/p>\n\n\n\n<p>Gure cookieez gain, hirugarrenei zure gailuko cookieak ezarri eta bertan sartzeko aukera ematen diegu.<\/p>\n\n\n\n<h2 class=\"wp-block-heading\" id=\"que-informacion-almacena-una-cookie\">Zer informazio gordetzen du cookie batek?<\/h2>\n\n\n\n<p>Cookie-ek ez dute normalean zure inguruko informazio sentikorrik gordetzen, hala nola kreditu txartelaren edo bankuko datuak, argazkiak edo informazio pertsonala, etab. Gordetako datuak teknikoak, estatistikoak, lehentasun pertsonalak, edukien pertsonalizazioa eta abar dira.<\/p>\n\n\n\n<h2 class=\"wp-block-heading\" id=\"que-tipo-de-cookies-existen\">Zer motatako cookieak daude?<\/h2>\n\n\n\n<ul class=\"wp-block-list\">\n<li><strong>Cookie teknikoak:<\/strong> Hauek dira oinarrizkoenak eta, besteak beste, jakitea ahalbidetzen dute noiz ari den nabigatzen gizaki bat edo aplikazio automatizatu bat, noiz ari den nabigatzen erabiltzaile anonimo bat eta noiz ari den nabigatzen erregistratutako erabiltzaile bat; edozein webgune dinamikoren funtzionamendurako oinarrizko zereginak.<\/li>\n\n\n\n<li><strong>Analisi cookieak:<\/strong> Nabigazio motari, gehien erabiltzen dituzun atalei, ikusitako produktuei, erabilera-eremuari, hizkuntzari eta abarri buruzko informazioa biltzen dute.<\/li>\n\n\n\n<li><strong>Publizitate cookieak:<\/strong> Zure nabigazioaren, jatorrizko herrialdearen, hizkuntzaren eta abarren araberako publizitatea erakusten dizute.<\/li>\n<\/ul>\n\n\n\n<h2 class=\"wp-block-heading\" id=\"cookies-aceptadas-por-la-normativa-y-cookies-exceptuadas\">Araudiak onartutako cookieak eta salbuetsitako cookieak<\/h2>\n\n\n\n<p>EBko zuzentarauaren arabera, erabiltzailearen baimen informatua behar duten cookieak analisi-cookieak, publizitate-cookieak eta afiliazio-cookieak dira, cookie teknikoak eta webgunearen funtzionamendurako edo erabiltzaileak espresuki eskatutako zerbitzuak emateko beharrezkoak direnak izan ezik.<\/p>\n\n\n\n<h2 class=\"wp-block-heading\" id=\"que-cookies-utiliza-esta-web\">Zein cookie erabiltzen ditu webgune honek?<\/h2>\n\n\n\n<p>Webgune honek bere eta hirugarrenen cookieak erabiltzen ditu. Webgune honetan cookie hauek erabiltzen dira:<\/p>\n\n\n\n<h3 class=\"wp-block-heading\" id=\"cookies-propias\">Cookie propioak<\/h3>\n\n\n\n<p><strong>Saioa hasi:<\/strong> Saioa hasteko cookiei esker, zure gibak.es kontuan saioa hasi eta irten zaitezke.<\/p>\n\n\n\n<p><strong>Pertsonalizazioa:<\/strong> Cookie-ek zein pertsona edo webgunerekin elkarreragin duzun gogoratzen laguntzen digute, erlazionatutako edukia erakutsi ahal izateko.<\/p>\n\n\n\n<p><strong>Hobespenak:<\/strong> Cookie-ek zure ezarpenak eta lehentasunak gogoratzeko aukera ematen digute, hala nola zure hizkuntza hobetsia eta pribatutasun ezarpenak.<\/p>\n\n\n\n<p><strong>Segurtasuna: <\/strong>Segurtasun arriskuak saihesteko cookieak erabiltzen ditugu. Batez ere norbaitek zure gibak.es kontua hackeatzen saiatzen ari denean detektatzeko.<\/p>\n\n\n\n<h3 class=\"wp-block-heading\" id=\"cookies-de-terceros\"><strong>Hirugarrenen cookieak<\/strong><\/h3>\n\n\n\n<p><strong><em>Cookie analitikoak<\/em><\/strong><\/p>\n\n\n\n<p>Webgune honek analisi zerbitzuak erabiltzen ditu, zehazki, <em>Google Analytics<\/em> webguneari erabiltzaileek webgunea nola erabiltzen duten aztertzen eta erabilgarritasuna hobetzen laguntzeko, baina inola ere ez dira erabiltzailea identifikatu dezaketen datuekin lotzen. Google Analytics Google Inc.-ek eskaintzen duen web analisi zerbitzu bat da. Erabiltzaileak kontsulta dezake <a href=\"https:\/\/www.google.es\/intl\/es\/policies\/technologies\/types\/\" target=\"_blank\" rel=\"noopener\"><em>hemen<\/em><\/a> Googlek erabiltzen dituen cookie motak.<\/p>\n\n\n\n<h3 class=\"wp-block-heading\" id=\"se-pueden-eliminar-las-cookies\">Cookieak ezabatu al daitezke?<\/h3>\n\n\n\n<p>Bai, eta ez ezabatu bakarrik, baita blokeatu ere, oro har edo domeinu jakin baterako bereziki.<\/p>\n\n\n\n<p>Webgune bateko cookieak ezabatzeko, joan zure arakatzailearen ezarpenetara. Bertan, domeinuarekin lotutako cookieak bilatu eta ezabatu ditzakezu.<\/p>\n\n\n\n<ul class=\"wp-block-list\">\n<li>Cookien ezarpenak <a href=\"http:\/\/support.google.com\/chrome\/bin\/answer.py?hl=es&amp;answer=95647\" target=\"_blank\" rel=\"noopener\"><em>Google Chrome<\/em><\/a><\/li>\n\n\n\n<li>Cookien ezarpenak <a href=\"https:\/\/support.apple.com\/es-es\/HT201265\" target=\"_blank\" rel=\"noopener\"><em>Apple Safari<\/em><\/a><\/li>\n\n\n\n<li>Cookien ezarpenak <a href=\"https:\/\/support.microsoft.com\/en-us\/help\/17442\/windows-internet-explorer-delete-manage-cookies#ie=ie-10\" target=\"_blank\" rel=\"noopener\"><em>Internet Explorer<\/em><\/a><\/li>\n\n\n\n<li>Cookien ezarpenak <a href=\"https:\/\/support.mozilla.org\/es\/kb\/habilitar-y-deshabilitar-cookies-sitios-web-rastrear-preferencias?redirectlocale=es&amp;redirectslug=habilitar-y-deshabilitar-cookies-que-los-sitios-we\" target=\"_blank\" rel=\"noopener\"><em>Mozilla Firefox<\/em><\/a><\/li>\n<\/ul>\n\n\n\n<h3 class=\"wp-block-heading\" id=\"aceptacion-de-cookies\">Cookien onarpena<\/h3>\n\n\n\n<p>Webgune edo aplikazio honetara lehen aldiz sartzen zarenean, abisu bat agertuko zaizu cookien erabilerari buruz eta cookie politika hau non ikus dezakezun jakinaraziz. Erabiltzaileak cookieak erabiltzea onartzen badu, bere ordenagailuan edo gailuan instalatuko dira.<\/p>\n\n\n\n<p>Gure cookieez gain, hirugarrenei zure ordenagailuan cookieak ezarri eta bertan sartzeko aukera ematen diegu. Enpresa hauen cookieak erabiltzeko baimena webgune honetan nabigatzearekin lotuta dago.<\/p>\n\n\n\n<h3 class=\"wp-block-heading\" id=\"mas-informacion-sobre-las-cookies\">Informazio gehiago cookiei buruz<\/h3>\n\n\n\n<p>Espainiako Datuen Babeserako Agentziak argitaratutako cookiei buruzko araudia kontsulta dezakezu bere <em>&quot;<\/em><a href=\"https:\/\/www.aepd.es\/sites\/default\/files\/2020-07\/guia-cookies.pdf\" target=\"_blank\" rel=\"noopener\"><em>&quot;Cookien erabilerari buruzko gida&quot;<\/em><\/a> eta ikasi gehiago Interneteko cookiei buruz, <a href=\"http:\/\/www.aboutcookies.org\/\" target=\"_blank\" rel=\"noopener\"><em>http:\/\/www.aboutcookies.org\/<\/em><\/a><\/p>\n\n\n\n<p>Cookien instalazioaren gaineko kontrol handiagoa izan nahi baduzu, programak edo gehigarriak instala ditzakezu zure arakatzailean, cookieak kentzeko tresnak izenekoak. <em>&quot;Ez jarraitu&quot;<\/em>, eta horrek zein cookie onartu nahi dituzun aukeratzeko aukera emango dizu.<br><br>Cookie politika hau azken aldiz 2024\/01\/10ean eguneratu zen.<\/p>","protected":false},"excerpt":{"rendered":"<p>En esta web recopilamos y utilizamos la informaci\u00f3n seg\u00fan indicamos en nuestra pol\u00edtica de privacidad. Una de las formas en las que recopilamos informaci\u00f3n es a trav\u00e9s del uso de la tecnolog\u00eda llamada \u201ccookies\u201d. En gibak.es, utilizamos cookies para varias cosas. \u00bfQu\u00e9 es una cookie? Una \u201ccookie\u201d es una peque\u00f1a cantidad de texto que se [&hellip;]<\/p>\n","protected":false},"author":1,"featured_media":0,"parent":0,"menu_order":8,"comment_status":"closed","ping_status":"closed","template":"","meta":{"_acf_changed":false,"footnotes":""},"class_list":["post-172","page","type-page","status-publish","hentry"],"acf":[],"_links":{"self":[{"href":"https:\/\/www.gibak.es\/eu\/wp-json\/wp\/v2\/pages\/172","targetHints":{"allow":["GET"]}}],"collection":[{"href":"https:\/\/www.gibak.es\/eu\/wp-json\/wp\/v2\/pages"}],"about":[{"href":"https:\/\/www.gibak.es\/eu\/wp-json\/wp\/v2\/types\/page"}],"author":[{"embeddable":true,"href":"https:\/\/www.gibak.es\/eu\/wp-json\/wp\/v2\/users\/1"}],"replies":[{"embeddable":true,"href":"https:\/\/www.gibak.es\/eu\/wp-json\/wp\/v2\/comments?post=172"}],"version-history":[{"count":2,"href":"https:\/\/www.gibak.es\/eu\/wp-json\/wp\/v2\/pages\/172\/revisions"}],"predecessor-version":[{"id":1590,"href":"https:\/\/www.gibak.es\/eu\/wp-json\/wp\/v2\/pages\/172\/revisions\/1590"}],"wp:attachment":[{"href":"https:\/\/www.gibak.es\/eu\/wp-json\/wp\/v2\/media?parent=172"}],"curies":[{"name":"wp","href":"https:\/\/api.w.org\/{rel}","templated":true}]}}