{"id":178,"date":"2022-10-14T09:48:31","date_gmt":"2022-10-14T07:48:31","guid":{"rendered":"https:\/\/www.gibak.es\/?page_id=178"},"modified":"2025-04-23T11:56:19","modified_gmt":"2025-04-23T09:56:19","slug":"quienes-somos","status":"publish","type":"page","link":"https:\/\/www.gibak.es\/eu\/quienes-somos\/","title":{"rendered":"Nor garen"},"content":{"rendered":"<div data-elementor-type=\"wp-page\" data-elementor-id=\"178\" class=\"elementor elementor-178\" data-elementor-post-type=\"page\">\n\t\t\t\t<div class=\"elementor-element elementor-element-ea42707 e-flex e-con-boxed e-con e-parent\" data-id=\"ea42707\" data-element_type=\"container\" data-settings=\"{&quot;background_background&quot;:&quot;classic&quot;}\">\n\t\t\t\t\t<div class=\"e-con-inner\">\n\t\t\t\t\t<\/div>\n\t\t\t\t<\/div>\n\t\t<div class=\"elementor-element elementor-element-ec78504 fc-container-padding e-flex e-con-boxed e-con e-parent\" data-id=\"ec78504\" data-element_type=\"container\" data-settings=\"{&quot;background_background&quot;:&quot;classic&quot;}\">\n\t\t\t\t\t<div class=\"e-con-inner\">\n\t\t\t\t<div class=\"elementor-element elementor-element-29ed59e elementor-widget elementor-widget-heading\" data-id=\"29ed59e\" data-element_type=\"widget\" data-widget_type=\"heading.default\">\n\t\t\t\t<div class=\"elementor-widget-container\">\n\t\t\t\t\t<h2 class=\"elementor-heading-title elementor-size-default\">NOR GARA GU?<\/h2>\t\t\t\t<\/div>\n\t\t\t\t<\/div>\n\t\t<div class=\"elementor-element elementor-element-b1f3a3f e-con-full e-flex e-con e-child\" data-id=\"b1f3a3f\" data-element_type=\"container\">\n\t\t<div class=\"elementor-element elementor-element-156dead e-flex e-con-boxed e-con e-child\" data-id=\"156dead\" data-element_type=\"container\">\n\t\t\t\t\t<div class=\"e-con-inner\">\n\t\t\t\t<div class=\"elementor-element elementor-element-9a50b92 elementor-widget elementor-widget-text-editor\" data-id=\"9a50b92\" data-element_type=\"widget\" data-widget_type=\"text-editor.default\">\n\t\t\t\t<div class=\"elementor-widget-container\">\n\t\t\t\t\t\t\t\t\t<p>GIPUKO JANARI ETA EDARI BANAKETA SEKTOREKO ENPRESA NAGUSIAK GIBAK GIPUKOKO BANATZAILEAK izeneko elkarte batean batu dira. Elkarte hau 2005ean sortu zen, baina hainbat urtez jarduerarik gabe egon ondoren, 2019an berpiztu zen sektore honetako ekintzaile kopuru esanguratsu batek, urteetan zehar produktu gastronomiko onenak salmenta puntu guztietara garaiz iristeko konpromisoa hartu baitute.<\/p><p>Profesionalen batasun honek ez du sektorearen ongizate komunaren alde elkarrekin lan egitea bakarrik helburu, baizik eta, batez ere, beti oso baloratua ez den eta gastronomia industriaren parte gisa ulertu behar den talde baten inplikazioa eta konpromisoa ezagutaraztea ere bai.<\/p>\t\t\t\t\t\t\t\t<\/div>\n\t\t\t\t<\/div>\n\t\t\t\t\t<\/div>\n\t\t\t\t<\/div>\n\t\t<div class=\"elementor-element elementor-element-3e0b492 e-flex e-con-boxed e-con e-child\" data-id=\"3e0b492\" data-element_type=\"container\">\n\t\t\t\t\t<div class=\"e-con-inner\">\n\t\t\t\t<div class=\"elementor-element elementor-element-4c30b78 elementor-widget elementor-widget-text-editor\" data-id=\"4c30b78\" data-element_type=\"widget\" data-widget_type=\"text-editor.default\">\n\t\t\t\t<div class=\"elementor-widget-container\">\n\t\t\t\t\t\t\t\t\t<p>Gaur egun, GIBAKek 40 Enpresa Elkartu baino gehiago biltzen ditu GIPUKO eskualdean, oso datu positiboa duela gutxi sortu izana kontuan hartuta, eta ekintzaile hauen interesaren eta konpromisoaren erakusgarri argia gure eskualdeko erakargarri eta negozio-sortzaile nagusietako bat laguntzen jarraitzeko, non 450 langile baino gehiagori lana ematen dien, 150 ibilgailu errepideetan, eta urtean 120 milioi euro baino gehiagoko ekarpena egiten dion GIPUKOARI.<\/p>\t\t\t\t\t\t\t\t<\/div>\n\t\t\t\t<\/div>\n\t\t\t\t\t<\/div>\n\t\t\t\t<\/div>\n\t\t\t\t<\/div>\n\t\t\t\t\t<\/div>\n\t\t\t\t<\/div>\n\t\t<div class=\"elementor-element elementor-element-7f4d028 e-con-full fc-container-padding e-flex e-con e-parent\" data-id=\"7f4d028\" data-element_type=\"container\" data-settings=\"{&quot;background_background&quot;:&quot;classic&quot;}\">\n\t\t<div class=\"elementor-element elementor-element-7c74a08 e-flex e-con-boxed e-con e-child\" data-id=\"7c74a08\" data-element_type=\"container\">\n\t\t\t\t\t<div class=\"e-con-inner\">\n\t\t<div class=\"elementor-element elementor-element-be5d60e fc-container-col e-flex e-con-boxed e-con e-child\" data-id=\"be5d60e\" data-element_type=\"container\">\n\t\t\t\t\t<div class=\"e-con-inner\">\n\t\t\t\t<div class=\"elementor-element elementor-element-5b32739 elementor-widget elementor-widget-heading\" data-id=\"5b32739\" data-element_type=\"widget\" data-widget_type=\"heading.default\">\n\t\t\t\t<div class=\"elementor-widget-container\">\n\t\t\t\t\t<h2 class=\"elementor-heading-title elementor-size-default\">Misioa<\/h2>\t\t\t\t<\/div>\n\t\t\t\t<\/div>\n\t\t\t\t<div class=\"elementor-element elementor-element-2dd8198 elementor-widget elementor-widget-text-editor\" data-id=\"2dd8198\" data-element_type=\"widget\" data-widget_type=\"text-editor.default\">\n\t\t\t\t<div class=\"elementor-widget-container\">\n\t\t\t\t\t\t\t\t\tGIPUKO elikagai eta edarien banaketa enpresen jarduerak hobetzeko, gure sektorea babestu, defendatu eta gure jardueretan parte hartzen duten eragile guztien artean sustatzeko asmoz. Konfiantza sortu nahi dugu egiten dugun horretan, gogobetetasuna piztu kalitatezko zerbitzuaren bidez eta balioa sortu egiten dugunaren bidez, aldea eraginez.\t\t\t\t\t\t\t\t<\/div>\n\t\t\t\t<\/div>\n\t\t\t\t\t<\/div>\n\t\t\t\t<\/div>\n\t\t<div class=\"elementor-element elementor-element-ee6a85a fc-container-col e-flex e-con-boxed e-con e-child\" data-id=\"ee6a85a\" data-element_type=\"container\">\n\t\t\t\t\t<div class=\"e-con-inner\">\n\t\t\t\t<div class=\"elementor-element elementor-element-8dad1f6 elementor-widget elementor-widget-image\" data-id=\"8dad1f6\" data-element_type=\"widget\" data-widget_type=\"image.default\">\n\t\t\t\t<div class=\"elementor-widget-container\">\n\t\t\t\t\t\t\t\t\t\t\t\t\t\t\t<img fetchpriority=\"high\" decoding=\"async\" width=\"800\" height=\"800\" src=\"https:\/\/www.gibak.es\/wp-content\/uploads\/2025\/04\/gibak-mision-e1744316873850.jpg\" class=\"attachment-large size-large wp-image-1830\" alt=\"Gibak Mision\" srcset=\"https:\/\/www.gibak.es\/wp-content\/uploads\/2025\/04\/gibak-mision-e1744316873850.jpg 960w, https:\/\/www.gibak.es\/wp-content\/uploads\/2025\/04\/gibak-mision-e1744316873850-300x300.jpg 300w, https:\/\/www.gibak.es\/wp-content\/uploads\/2025\/04\/gibak-mision-e1744316873850-150x150.jpg 150w, https:\/\/www.gibak.es\/wp-content\/uploads\/2025\/04\/gibak-mision-e1744316873850-768x768.jpg 768w, https:\/\/www.gibak.es\/wp-content\/uploads\/2025\/04\/gibak-mision-e1744316873850-12x12.jpg 12w\" sizes=\"(max-width: 800px) 100vw, 800px\" \/>\t\t\t\t\t\t\t\t\t\t\t\t\t\t\t<\/div>\n\t\t\t\t<\/div>\n\t\t\t\t\t<\/div>\n\t\t\t\t<\/div>\n\t\t\t\t\t<\/div>\n\t\t\t\t<\/div>\n\t\t\t\t<\/div>\n\t\t<div class=\"elementor-element elementor-element-0d47975 e-con-full fc-container-padding e-flex e-con e-parent\" data-id=\"0d47975\" data-element_type=\"container\" data-settings=\"{&quot;background_background&quot;:&quot;classic&quot;}\">\n\t\t<div class=\"elementor-element elementor-element-0e867a3 e-flex e-con-boxed e-con e-child\" data-id=\"0e867a3\" data-element_type=\"container\">\n\t\t\t\t\t<div class=\"e-con-inner\">\n\t\t<div class=\"elementor-element elementor-element-346565c fc-container-col e-flex e-con-boxed e-con e-child\" data-id=\"346565c\" data-element_type=\"container\">\n\t\t\t\t\t<div class=\"e-con-inner\">\n\t\t\t\t<div class=\"elementor-element elementor-element-6794d22 elementor-widget elementor-widget-heading\" data-id=\"6794d22\" data-element_type=\"widget\" data-widget_type=\"heading.default\">\n\t\t\t\t<div class=\"elementor-widget-container\">\n\t\t\t\t\t<h2 class=\"elementor-heading-title elementor-size-default\">Ikusmena<\/h2>\t\t\t\t<\/div>\n\t\t\t\t<\/div>\n\t\t\t\t<div class=\"elementor-element elementor-element-5f9e710 elementor-widget elementor-widget-text-editor\" data-id=\"5f9e710\" data-element_type=\"widget\" data-widget_type=\"text-editor.default\">\n\t\t\t\t<div class=\"elementor-widget-container\">\n\t\t\t\t\t\t\t\t\t<p>GIPUKO HORECA elikagai eta edarien banaketa enpresa guztientzat laguntza-erakundea izatea, eta joera berrietara egokitzeko irtenbideak eskaintzea. Elkartearen enpresek jarduten duten merkatuaren etengabeko hobekuntzan diharduen elkarte bat izatea, eta gero eta eraginkorragoak izan gaitezkeen tokian.<\/p>\t\t\t\t\t\t\t\t<\/div>\n\t\t\t\t<\/div>\n\t\t\t\t\t<\/div>\n\t\t\t\t<\/div>\n\t\t<div class=\"elementor-element elementor-element-1dc7fdb fc-container-col e-flex e-con-boxed e-con e-child\" data-id=\"1dc7fdb\" data-element_type=\"container\">\n\t\t\t\t\t<div class=\"e-con-inner\">\n\t\t\t\t<div class=\"elementor-element elementor-element-543ed30 elementor-widget elementor-widget-image\" data-id=\"543ed30\" data-element_type=\"widget\" data-widget_type=\"image.default\">\n\t\t\t\t<div class=\"elementor-widget-container\">\n\t\t\t\t\t\t\t\t\t\t\t\t\t\t\t<img decoding=\"async\" width=\"800\" height=\"800\" src=\"https:\/\/www.gibak.es\/wp-content\/uploads\/2025\/04\/gibak-vision.jpg\" class=\"attachment-large size-large wp-image-1828\" alt=\"Gibak Vision\" srcset=\"https:\/\/www.gibak.es\/wp-content\/uploads\/2025\/04\/gibak-vision.jpg 960w, https:\/\/www.gibak.es\/wp-content\/uploads\/2025\/04\/gibak-vision-300x300.jpg 300w, https:\/\/www.gibak.es\/wp-content\/uploads\/2025\/04\/gibak-vision-150x150.jpg 150w, https:\/\/www.gibak.es\/wp-content\/uploads\/2025\/04\/gibak-vision-768x768.jpg 768w, https:\/\/www.gibak.es\/wp-content\/uploads\/2025\/04\/gibak-vision-12x12.jpg 12w\" sizes=\"(max-width: 800px) 100vw, 800px\" \/>\t\t\t\t\t\t\t\t\t\t\t\t\t\t\t<\/div>\n\t\t\t\t<\/div>\n\t\t\t\t\t<\/div>\n\t\t\t\t<\/div>\n\t\t\t\t\t<\/div>\n\t\t\t\t<\/div>\n\t\t\t\t<\/div>\n\t\t<div class=\"elementor-element elementor-element-df891ec e-con-full fc-container-padding e-flex e-con e-parent\" data-id=\"df891ec\" data-element_type=\"container\" data-settings=\"{&quot;background_background&quot;:&quot;classic&quot;}\">\n\t\t<div class=\"elementor-element elementor-element-08c85ab e-flex e-con-boxed e-con e-child\" data-id=\"08c85ab\" data-element_type=\"container\">\n\t\t\t\t\t<div class=\"e-con-inner\">\n\t\t<div class=\"elementor-element elementor-element-08aff9a fc-container-col e-flex e-con-boxed e-con e-child\" data-id=\"08aff9a\" data-element_type=\"container\">\n\t\t\t\t\t<div class=\"e-con-inner\">\n\t\t\t\t<div class=\"elementor-element elementor-element-dac749a elementor-widget elementor-widget-heading\" data-id=\"dac749a\" data-element_type=\"widget\" data-widget_type=\"heading.default\">\n\t\t\t\t<div class=\"elementor-widget-container\">\n\t\t\t\t\t<h2 class=\"elementor-heading-title elementor-size-default\">Balioak<\/h2>\t\t\t\t<\/div>\n\t\t\t\t<\/div>\n\t\t\t\t<div class=\"elementor-element elementor-element-7f86990 elementor-widget elementor-widget-text-editor\" data-id=\"7f86990\" data-element_type=\"widget\" data-widget_type=\"text-editor.default\">\n\t\t\t\t<div class=\"elementor-widget-container\">\n\t\t\t\t\t\t\t\t\t<ul><li>Lankidetza.<\/li><li>Lidergoa.<\/li><li>Jendea.<\/li><li>Elkartasuna.<\/li><li>Konpromisoa.<\/li><li>Zerbitzu zentzua.<\/li><li>Eraginkortasuna.<\/li><li>Berrikuntza.<\/li><li>Pertenentzia sentimendua.<\/li><\/ul>\t\t\t\t\t\t\t\t<\/div>\n\t\t\t\t<\/div>\n\t\t\t\t\t<\/div>\n\t\t\t\t<\/div>\n\t\t<div class=\"elementor-element elementor-element-d19d23f fc-container-col e-flex e-con-boxed e-con e-child\" data-id=\"d19d23f\" data-element_type=\"container\">\n\t\t\t\t\t<div class=\"e-con-inner\">\n\t\t\t\t<div class=\"elementor-element elementor-element-d75dbcc elementor-widget elementor-widget-image\" data-id=\"d75dbcc\" data-element_type=\"widget\" data-widget_type=\"image.default\">\n\t\t\t\t<div class=\"elementor-widget-container\">\n\t\t\t\t\t\t\t\t\t\t\t\t\t\t\t<img decoding=\"async\" width=\"800\" height=\"800\" src=\"https:\/\/www.gibak.es\/wp-content\/uploads\/2025\/04\/gibak-valores.jpg\" class=\"attachment-large size-large wp-image-1829\" alt=\"Gibak Valores\" srcset=\"https:\/\/www.gibak.es\/wp-content\/uploads\/2025\/04\/gibak-valores.jpg 960w, https:\/\/www.gibak.es\/wp-content\/uploads\/2025\/04\/gibak-valores-300x300.jpg 300w, https:\/\/www.gibak.es\/wp-content\/uploads\/2025\/04\/gibak-valores-150x150.jpg 150w, https:\/\/www.gibak.es\/wp-content\/uploads\/2025\/04\/gibak-valores-768x768.jpg 768w, https:\/\/www.gibak.es\/wp-content\/uploads\/2025\/04\/gibak-valores-12x12.jpg 12w\" sizes=\"(max-width: 800px) 100vw, 800px\" \/>\t\t\t\t\t\t\t\t\t\t\t\t\t\t\t<\/div>\n\t\t\t\t<\/div>\n\t\t\t\t\t<\/div>\n\t\t\t\t<\/div>\n\t\t\t\t\t<\/div>\n\t\t\t\t<\/div>\n\t\t\t\t<\/div>\n\t\t\t\t<\/div>","protected":false},"excerpt":{"rendered":"<p>\u00bfQUI\u00c9NES SOMOS? Las principales empresas del sector de la Distribuci\u00f3n de Alimentos y Bebidas de Guip\u00fazcoa se han unido como Asociaci\u00f3n bajo el nombre de GIBAK Gipuzkoako Banaketak. Esta Asociaci\u00f3n fue creada ya en 2005 pero tras varios a\u00f1os de inactividad ha sido retomada en 2019 por parte de un relevante n\u00famero de empresarios de [&hellip;]<\/p>\n","protected":false},"author":1,"featured_media":0,"parent":0,"menu_order":5,"comment_status":"closed","ping_status":"closed","template":"","meta":{"_acf_changed":false,"footnotes":""},"class_list":["post-178","page","type-page","status-publish","hentry"],"acf":[],"_links":{"self":[{"href":"https:\/\/www.gibak.es\/eu\/wp-json\/wp\/v2\/pages\/178","targetHints":{"allow":["GET"]}}],"collection":[{"href":"https:\/\/www.gibak.es\/eu\/wp-json\/wp\/v2\/pages"}],"about":[{"href":"https:\/\/www.gibak.es\/eu\/wp-json\/wp\/v2\/types\/page"}],"author":[{"embeddable":true,"href":"https:\/\/www.gibak.es\/eu\/wp-json\/wp\/v2\/users\/1"}],"replies":[{"embeddable":true,"href":"https:\/\/www.gibak.es\/eu\/wp-json\/wp\/v2\/comments?post=178"}],"version-history":[{"count":10,"href":"https:\/\/www.gibak.es\/eu\/wp-json\/wp\/v2\/pages\/178\/revisions"}],"predecessor-version":[{"id":2290,"href":"https:\/\/www.gibak.es\/eu\/wp-json\/wp\/v2\/pages\/178\/revisions\/2290"}],"wp:attachment":[{"href":"https:\/\/www.gibak.es\/eu\/wp-json\/wp\/v2\/media?parent=178"}],"curies":[{"name":"wp","href":"https:\/\/api.w.org\/{rel}","templated":true}]}}