{"id":1984,"date":"2025-04-14T18:27:03","date_gmt":"2025-04-14T16:27:03","guid":{"rendered":"https:\/\/www.gibak.es\/?page_id=1984"},"modified":"2025-04-30T09:52:16","modified_gmt":"2025-04-30T07:52:16","slug":"como-asociarme","status":"publish","type":"page","link":"https:\/\/www.gibak.es\/eu\/como-asociarme\/","title":{"rendered":"Nola egin naiteke kide?"},"content":{"rendered":"<div data-elementor-type=\"wp-page\" data-elementor-id=\"1984\" class=\"elementor elementor-1984\" data-elementor-post-type=\"page\">\n\t\t\t\t<div class=\"elementor-element elementor-element-79ba973 e-flex e-con-boxed e-con e-parent\" data-id=\"79ba973\" data-element_type=\"container\" data-settings=\"{&quot;background_background&quot;:&quot;classic&quot;}\">\n\t\t\t\t\t<div class=\"e-con-inner\">\n\t\t\t\t\t<\/div>\n\t\t\t\t<\/div>\n\t\t<div class=\"elementor-element elementor-element-40243e2 e-con-full fc-container-padding e-flex e-con e-parent\" data-id=\"40243e2\" data-element_type=\"container\" data-settings=\"{&quot;background_background&quot;:&quot;classic&quot;}\">\n\t\t<div class=\"elementor-element elementor-element-a0ee767 e-flex e-con-boxed e-con e-child\" data-id=\"a0ee767\" data-element_type=\"container\">\n\t\t\t\t\t<div class=\"e-con-inner\">\n\t\t\t\t<div class=\"elementor-element elementor-element-28db5ff elementor-widget elementor-widget-heading\" data-id=\"28db5ff\" data-element_type=\"widget\" data-widget_type=\"heading.default\">\n\t\t\t\t<div class=\"elementor-widget-container\">\n\t\t\t\t\t<h2 class=\"elementor-heading-title elementor-size-default\">Egin zaitez GIBAKeko kide<\/h2>\t\t\t\t<\/div>\n\t\t\t\t<\/div>\n\t\t\t\t<div class=\"elementor-element elementor-element-b939cfa elementor-widget elementor-widget-text-editor\" data-id=\"b939cfa\" data-element_type=\"widget\" data-widget_type=\"text-editor.default\">\n\t\t\t\t<div class=\"elementor-widget-container\">\n\t\t\t\t\t\t\t\t\tGure elkarteko kide izateak aukera ematen dizu zure negozioa sendotzeko kalitatearekin, berrikuntzarekin eta hazkunde partekatuarekin konprometitutako sare baten barruan.\t\t\t\t\t\t\t\t<\/div>\n\t\t\t\t<\/div>\n\t\t<div class=\"elementor-element elementor-element-90b2fda e-flex e-con-boxed e-con e-child\" data-id=\"90b2fda\" data-element_type=\"container\">\n\t\t\t\t\t<div class=\"e-con-inner\">\n\t\t\t\t<div class=\"elementor-element elementor-element-05ad31e fc-boton-filled fc-boton-flecha elementor-widget elementor-widget-button\" data-id=\"05ad31e\" data-element_type=\"widget\" data-widget_type=\"button.default\">\n\t\t\t\t<div class=\"elementor-widget-container\">\n\t\t\t\t\t\t\t\t\t<div class=\"elementor-button-wrapper\">\n\t\t\t\t\t<a class=\"elementor-button elementor-button-link elementor-size-md\" href=\"https:\/\/www.gibak.es\/eu\/download\/2198\/\" target=\"_blank\">\n\t\t\t\t\t\t<span class=\"elementor-button-content-wrapper\">\n\t\t\t\t\t\t<span class=\"elementor-button-icon\">\n\t\t\t\t<i aria-hidden=\"true\" class=\"far fa-file-pdf\"><\/i>\t\t\t<\/span>\n\t\t\t\t\t\t\t\t\t<span class=\"elementor-button-text\">Izen-emate orria<\/span>\n\t\t\t\t\t<\/span>\n\t\t\t\t\t<\/a>\n\t\t\t\t<\/div>\n\t\t\t\t\t\t\t\t<\/div>\n\t\t\t\t<\/div>\n\t\t\t\t\t<\/div>\n\t\t\t\t<\/div>\n\t\t\t\t\t<\/div>\n\t\t\t\t<\/div>\n\t\t\t\t<\/div>\n\t\t<div class=\"elementor-element elementor-element-36ad8e1 e-con-full fc-container-padding-l e-flex e-con e-parent\" data-id=\"36ad8e1\" data-element_type=\"container\" data-settings=\"{&quot;background_background&quot;:&quot;classic&quot;}\">\n\t\t<div class=\"elementor-element elementor-element-00c6459 e-flex e-con-boxed e-con e-child\" data-id=\"00c6459\" data-element_type=\"container\">\n\t\t\t\t\t<div class=\"e-con-inner\">\n\t\t\t\t<div class=\"elementor-element elementor-element-bd383bb elementor-widget elementor-widget-heading\" data-id=\"bd383bb\" data-element_type=\"widget\" data-widget_type=\"heading.default\">\n\t\t\t\t<div class=\"elementor-widget-container\">\n\t\t\t\t\t<h2 class=\"elementor-heading-title elementor-size-default\">Bazkideen onurak<\/h2>\t\t\t\t<\/div>\n\t\t\t\t<\/div>\n\t\t<div class=\"elementor-element elementor-element-6605843 e-flex e-con-boxed e-con e-child\" data-id=\"6605843\" data-element_type=\"container\">\n\t\t\t\t\t<div class=\"e-con-inner\">\n\t\t<div class=\"elementor-element elementor-element-cc41733 e-flex e-con-boxed e-con e-child\" data-id=\"cc41733\" data-element_type=\"container\">\n\t\t\t\t\t<div class=\"e-con-inner\">\n\t\t<div class=\"elementor-element elementor-element-8adff7b e-con-full e-flex e-con e-child\" data-id=\"8adff7b\" data-element_type=\"container\">\n\t\t\t\t<div class=\"elementor-element elementor-element-13c9156 elementor-view-default elementor-widget elementor-widget-icon\" data-id=\"13c9156\" data-element_type=\"widget\" data-widget_type=\"icon.default\">\n\t\t\t\t<div class=\"elementor-widget-container\">\n\t\t\t\t\t\t\t<div class=\"elementor-icon-wrapper\">\n\t\t\t<div class=\"elementor-icon\">\n\t\t\t<i aria-hidden=\"true\" class=\"far fa-check-circle\"><\/i>\t\t\t<\/div>\n\t\t<\/div>\n\t\t\t\t\t\t<\/div>\n\t\t\t\t<\/div>\n\t\t\t\t<div class=\"elementor-element elementor-element-b4ab770 elementor-widget elementor-widget-heading\" data-id=\"b4ab770\" data-element_type=\"widget\" data-widget_type=\"heading.default\">\n\t\t\t\t<div class=\"elementor-widget-container\">\n\t\t\t\t\t<h3 class=\"elementor-heading-title elementor-size-default\">Sektorearen ordezkaritza eta defentsa<\/h3>\t\t\t\t<\/div>\n\t\t\t\t<\/div>\n\t\t\t\t<div class=\"elementor-element elementor-element-e916fcf elementor-widget elementor-widget-text-editor\" data-id=\"e916fcf\" data-element_type=\"widget\" data-widget_type=\"text-editor.default\">\n\t\t\t\t<div class=\"elementor-widget-container\">\n\t\t\t\t\t\t\t\t\t<p>Elkarteak bitartekari gisa jarduten du administrazio publikoekin eta beste erakunde batzuekin.<br \/>Sektorearen interes komunak defendatzen ditu araudi, fiskal eta logistika gaietan.<\/p>\t\t\t\t\t\t\t\t<\/div>\n\t\t\t\t<\/div>\n\t\t\t\t<\/div>\n\t\t<div class=\"elementor-element elementor-element-85ab7a0 e-con-full e-flex e-con e-child\" data-id=\"85ab7a0\" data-element_type=\"container\">\n\t\t\t\t<div class=\"elementor-element elementor-element-0eb5b51 elementor-view-default elementor-widget elementor-widget-icon\" data-id=\"0eb5b51\" data-element_type=\"widget\" data-widget_type=\"icon.default\">\n\t\t\t\t<div class=\"elementor-widget-container\">\n\t\t\t\t\t\t\t<div class=\"elementor-icon-wrapper\">\n\t\t\t<div class=\"elementor-icon\">\n\t\t\t<i aria-hidden=\"true\" class=\"far fa-check-circle\"><\/i>\t\t\t<\/div>\n\t\t<\/div>\n\t\t\t\t\t\t<\/div>\n\t\t\t\t<\/div>\n\t\t\t\t<div class=\"elementor-element elementor-element-8b32199 elementor-widget elementor-widget-heading\" data-id=\"8b32199\" data-element_type=\"widget\" data-widget_type=\"heading.default\">\n\t\t\t\t<div class=\"elementor-widget-container\">\n\t\t\t\t\t<h3 class=\"elementor-heading-title elementor-size-default\">Sareak eta lankidetza<\/h3>\t\t\t\t<\/div>\n\t\t\t\t<\/div>\n\t\t\t\t<div class=\"elementor-element elementor-element-e47679d elementor-widget elementor-widget-text-editor\" data-id=\"e47679d\" data-element_type=\"widget\" data-widget_type=\"text-editor.default\">\n\t\t\t\t<div class=\"elementor-widget-container\">\n\t\t\t\t\t\t\t\t\t<p>Jarri harremanetan sektoreko beste enpresekin esperientziak partekatzeko, lankidetzan aritzeko edo sinergiak bilatzeko.<br \/>Foroetan, bileretan eta sektoreko ekitaldietan parte hartzea.<\/p>\t\t\t\t\t\t\t\t<\/div>\n\t\t\t\t<\/div>\n\t\t\t\t<\/div>\n\t\t<div class=\"elementor-element elementor-element-65bfc82 e-con-full e-flex e-con e-child\" data-id=\"65bfc82\" data-element_type=\"container\">\n\t\t\t\t<div class=\"elementor-element elementor-element-d367f65 elementor-view-default elementor-widget elementor-widget-icon\" data-id=\"d367f65\" data-element_type=\"widget\" data-widget_type=\"icon.default\">\n\t\t\t\t<div class=\"elementor-widget-container\">\n\t\t\t\t\t\t\t<div class=\"elementor-icon-wrapper\">\n\t\t\t<div class=\"elementor-icon\">\n\t\t\t<i aria-hidden=\"true\" class=\"far fa-check-circle\"><\/i>\t\t\t<\/div>\n\t\t<\/div>\n\t\t\t\t\t\t<\/div>\n\t\t\t\t<\/div>\n\t\t\t\t<div class=\"elementor-element elementor-element-863af4e elementor-widget elementor-widget-heading\" data-id=\"863af4e\" data-element_type=\"widget\" data-widget_type=\"heading.default\">\n\t\t\t\t<div class=\"elementor-widget-container\">\n\t\t\t\t\t<h3 class=\"elementor-heading-title elementor-size-default\">Prestakuntza eta etengabeko hobekuntza<\/h3>\t\t\t\t<\/div>\n\t\t\t\t<\/div>\n\t\t\t\t<div class=\"elementor-element elementor-element-57e637a elementor-widget elementor-widget-text-editor\" data-id=\"57e637a\" data-element_type=\"widget\" data-widget_type=\"text-editor.default\">\n\t\t\t\t<div class=\"elementor-widget-container\">\n\t\t\t\t\t\t\t\t\t<p>Ikastaro, tailer eta mintegi espezializatuetarako sarbidea (adibidez, digitalizazioa, logistika, jasangarritasuna).<br \/>Joeren eta jardunbide egokien inguruko etengabeko eguneraketak.<\/p>\t\t\t\t\t\t\t\t<\/div>\n\t\t\t\t<\/div>\n\t\t\t\t<\/div>\n\t\t\t\t\t<\/div>\n\t\t\t\t<\/div>\n\t\t\t\t\t<\/div>\n\t\t\t\t<\/div>\n\t\t<div class=\"elementor-element elementor-element-bc3e819 e-con-full e-flex e-con e-child\" data-id=\"bc3e819\" data-element_type=\"container\">\n\t\t<div class=\"elementor-element elementor-element-db7324a e-flex e-con-boxed e-con e-child\" data-id=\"db7324a\" data-element_type=\"container\">\n\t\t\t\t\t<div class=\"e-con-inner\">\n\t\t<div class=\"elementor-element elementor-element-ea33a1c e-con-full e-flex e-con e-child\" data-id=\"ea33a1c\" data-element_type=\"container\">\n\t\t\t\t<div class=\"elementor-element elementor-element-7ebee9d elementor-view-default elementor-widget elementor-widget-icon\" data-id=\"7ebee9d\" data-element_type=\"widget\" data-widget_type=\"icon.default\">\n\t\t\t\t<div class=\"elementor-widget-container\">\n\t\t\t\t\t\t\t<div class=\"elementor-icon-wrapper\">\n\t\t\t<div class=\"elementor-icon\">\n\t\t\t<i aria-hidden=\"true\" class=\"far fa-check-circle\"><\/i>\t\t\t<\/div>\n\t\t<\/div>\n\t\t\t\t\t\t<\/div>\n\t\t\t\t<\/div>\n\t\t\t\t<div class=\"elementor-element elementor-element-b460ee1 elementor-widget elementor-widget-heading\" data-id=\"b460ee1\" data-element_type=\"widget\" data-widget_type=\"heading.default\">\n\t\t\t\t<div class=\"elementor-widget-container\">\n\t\t\t\t\t<h3 class=\"elementor-heading-title elementor-size-default\">Aholku profesionalak<\/h3>\t\t\t\t<\/div>\n\t\t\t\t<\/div>\n\t\t\t\t<div class=\"elementor-element elementor-element-5f7f23e elementor-widget elementor-widget-text-editor\" data-id=\"5f7f23e\" data-element_type=\"widget\" data-widget_type=\"text-editor.default\">\n\t\t\t\t<div class=\"elementor-widget-container\">\n\t\t\t\t\t\t\t\t\t<p>Sektoreari eragiten dioten lege-aldaketei buruzko informazioa.<\/p>\t\t\t\t\t\t\t\t<\/div>\n\t\t\t\t<\/div>\n\t\t\t\t<\/div>\n\t\t<div class=\"elementor-element elementor-element-da6c313 e-con-full e-flex e-con e-child\" data-id=\"da6c313\" data-element_type=\"container\">\n\t\t\t\t<div class=\"elementor-element elementor-element-6a591ec elementor-view-default elementor-widget elementor-widget-icon\" data-id=\"6a591ec\" data-element_type=\"widget\" data-widget_type=\"icon.default\">\n\t\t\t\t<div class=\"elementor-widget-container\">\n\t\t\t\t\t\t\t<div class=\"elementor-icon-wrapper\">\n\t\t\t<div class=\"elementor-icon\">\n\t\t\t<i aria-hidden=\"true\" class=\"far fa-check-circle\"><\/i>\t\t\t<\/div>\n\t\t<\/div>\n\t\t\t\t\t\t<\/div>\n\t\t\t\t<\/div>\n\t\t\t\t<div class=\"elementor-element elementor-element-4c399bb elementor-widget elementor-widget-heading\" data-id=\"4c399bb\" data-element_type=\"widget\" data-widget_type=\"heading.default\">\n\t\t\t\t<div class=\"elementor-widget-container\">\n\t\t\t\t\t<h3 class=\"elementor-heading-title elementor-size-default\">Ikusgarritasuna eta prestigioa<\/h3>\t\t\t\t<\/div>\n\t\t\t\t<\/div>\n\t\t\t\t<div class=\"elementor-element elementor-element-03bbb2c elementor-widget elementor-widget-text-editor\" data-id=\"03bbb2c\" data-element_type=\"widget\" data-widget_type=\"text-editor.default\">\n\t\t\t\t<div class=\"elementor-widget-container\">\n\t\t\t\t\t\t\t\t\t<p>Elkartuta egoteak enpresaren irudia hobetzen du bezeroen, hornitzaileen eta beste erakunde batzuen artean.<\/p>\t\t\t\t\t\t\t\t<\/div>\n\t\t\t\t<\/div>\n\t\t\t\t<\/div>\n\t\t<div class=\"elementor-element elementor-element-d7995ba e-con-full e-flex e-con e-child\" data-id=\"d7995ba\" data-element_type=\"container\">\n\t\t\t\t<div class=\"elementor-element elementor-element-c0ea396 elementor-view-default elementor-widget elementor-widget-icon\" data-id=\"c0ea396\" data-element_type=\"widget\" data-widget_type=\"icon.default\">\n\t\t\t\t<div class=\"elementor-widget-container\">\n\t\t\t\t\t\t\t<div class=\"elementor-icon-wrapper\">\n\t\t\t<div class=\"elementor-icon\">\n\t\t\t<i aria-hidden=\"true\" class=\"far fa-check-circle\"><\/i>\t\t\t<\/div>\n\t\t<\/div>\n\t\t\t\t\t\t<\/div>\n\t\t\t\t<\/div>\n\t\t\t\t<div class=\"elementor-element elementor-element-90e7992 elementor-widget elementor-widget-heading\" data-id=\"90e7992\" data-element_type=\"widget\" data-widget_type=\"heading.default\">\n\t\t\t\t<div class=\"elementor-widget-container\">\n\t\t\t\t\t<h3 class=\"elementor-heading-title elementor-size-default\">Abantaila ekonomikoak<\/h3>\t\t\t\t<\/div>\n\t\t\t\t<\/div>\n\t\t\t\t<div class=\"elementor-element elementor-element-fbf5e41 elementor-widget elementor-widget-text-editor\" data-id=\"fbf5e41\" data-element_type=\"widget\" data-widget_type=\"text-editor.default\">\n\t\t\t\t<div class=\"elementor-widget-container\">\n\t\t\t\t\t\t\t\t\t<p>Enpresa bazkideekin egindako akordioei esker (aseguruak, erregaia, softwarea, etab.) zerbitzu eta produktuetan deskontuak lortzea posible da.<\/p>\t\t\t\t\t\t\t\t<\/div>\n\t\t\t\t<\/div>\n\t\t\t\t<\/div>\n\t\t\t\t\t<\/div>\n\t\t\t\t<\/div>\n\t\t\t\t<\/div>\n\t\t<div class=\"elementor-element elementor-element-d742ba1 e-con-full e-flex e-con e-child\" data-id=\"d742ba1\" data-element_type=\"container\">\n\t\t\t\t<div class=\"elementor-element elementor-element-611e5d4 fc-boton-filled fc-boton-flecha elementor-widget elementor-widget-button\" data-id=\"611e5d4\" data-element_type=\"widget\" data-widget_type=\"button.default\">\n\t\t\t\t<div class=\"elementor-widget-container\">\n\t\t\t\t\t\t\t\t\t<div class=\"elementor-button-wrapper\">\n\t\t\t\t\t<a class=\"elementor-button elementor-button-link elementor-size-md\" href=\"https:\/\/www.gibak.es\/eu\/download\/2191\/\" target=\"_blank\">\n\t\t\t\t\t\t<span class=\"elementor-button-content-wrapper\">\n\t\t\t\t\t\t<span class=\"elementor-button-icon\">\n\t\t\t\t<i aria-hidden=\"true\" class=\"far fa-file-pdf\"><\/i>\t\t\t<\/span>\n\t\t\t\t\t\t\t\t\t<span class=\"elementor-button-text\">Gibak Estatutuak<\/span>\n\t\t\t\t\t<\/span>\n\t\t\t\t\t<\/a>\n\t\t\t\t<\/div>\n\t\t\t\t\t\t\t\t<\/div>\n\t\t\t\t<\/div>\n\t\t\t\t<\/div>\n\t\t\t\t\t<\/div>\n\t\t\t\t<\/div>\n\t\t\t\t<\/div>\n\t\t<div class=\"elementor-element elementor-element-1e661d0 e-con-full elementor-hidden-widescreen elementor-hidden-desktop elementor-hidden-laptop elementor-hidden-tablet elementor-hidden-mobile e-flex e-con e-parent\" data-id=\"1e661d0\" data-element_type=\"container\">\n\t\t\t\t<div class=\"elementor-element elementor-element-630661c elementor-widget elementor-widget-template\" data-id=\"630661c\" data-element_type=\"widget\" data-widget_type=\"template.default\">\n\t\t\t\t<div class=\"elementor-widget-container\">\n\t\t\t\t\t\t\t<div class=\"elementor-template\">\n\t\t\t\t\t<div data-elementor-type=\"container\" data-elementor-id=\"1389\" class=\"elementor elementor-1389\" data-elementor-post-type=\"elementor_library\">\n\t\t\t\t<div class=\"elementor-element elementor-element-618501d e-con-full fc-container-padding-l e-flex e-con e-parent\" data-id=\"618501d\" data-element_type=\"container\" data-settings=\"{&quot;background_background&quot;:&quot;classic&quot;}\">\n\t\t<div class=\"elementor-element elementor-element-86dd037 fc-container-equal-l e-con-full e-flex e-con e-child\" data-id=\"86dd037\" data-element_type=\"container\" data-settings=\"{&quot;background_background&quot;:&quot;classic&quot;}\">\n\t\t\t\t<div class=\"elementor-element elementor-element-4e618b5 elementor-widget elementor-widget-image\" data-id=\"4e618b5\" data-element_type=\"widget\" data-widget_type=\"image.default\">\n\t\t\t\t<div class=\"elementor-widget-container\">\n\t\t\t\t\t\t\t\t\t\t\t\t\t\t\t\t<a href=\"https:\/\/www.fedishoreca.es\" target=\"_blank\" rel=\"noopener\">\n\t\t\t\t\t\t\t<img decoding=\"async\" width=\"237\" height=\"127\" src=\"https:\/\/www.gibak.es\/wp-content\/uploads\/2025\/04\/logo-fedis.png\" class=\"attachment-large size-large wp-image-2212\" alt=\"Logo Fedis\" srcset=\"https:\/\/www.gibak.es\/wp-content\/uploads\/2025\/04\/logo-fedis.png 237w, https:\/\/www.gibak.es\/wp-content\/uploads\/2025\/04\/logo-fedis-18x10.png 18w\" sizes=\"(max-width: 237px) 100vw, 237px\" \/>\t\t\t\t\t\t\t\t<\/a>\n\t\t\t\t\t\t\t\t\t\t\t\t\t\t\t<\/div>\n\t\t\t\t<\/div>\n\t\t\t\t<div class=\"elementor-element elementor-element-fdce5a6 elementor-widget elementor-widget-heading\" data-id=\"fdce5a6\" data-element_type=\"widget\" data-widget_type=\"heading.default\">\n\t\t\t\t<div class=\"elementor-widget-container\">\n\t\t\t\t\t<div class=\"elementor-heading-title elementor-size-default\">FEDIS Horekaren ordezkariak gara Gipuzkoan<\/div>\t\t\t\t<\/div>\n\t\t\t\t<\/div>\n\t\t\t\t<\/div>\n\t\t\t\t<\/div>\n\t\t\t\t<\/div>\n\t\t\t\t<\/div>\n\t\t\t\t\t\t<\/div>\n\t\t\t\t<\/div>\n\t\t\t\t<\/div>\n\t\t\t\t<\/div>","protected":false},"excerpt":{"rendered":"<p>Hazte socio de GIBAK Formar parte de nuestra asociaci\u00f3n te brinda la oportunidad de fortalecer tu empresa dentro de una red comprometida con la calidad, la innovaci\u00f3n y el crecimiento conjunto. Hoja de inscripci\u00f3n Beneficios del asociado Representaci\u00f3n y defensa del sector La asociaci\u00f3n act\u00faa como interlocutor ante administraciones p\u00fablicas y otras organizaciones.Defiende los intereses [&hellip;]<\/p>\n","protected":false},"author":3,"featured_media":0,"parent":0,"menu_order":3,"comment_status":"closed","ping_status":"closed","template":"","meta":{"_acf_changed":false,"footnotes":""},"class_list":["post-1984","page","type-page","status-publish","hentry"],"acf":[],"_links":{"self":[{"href":"https:\/\/www.gibak.es\/eu\/wp-json\/wp\/v2\/pages\/1984","targetHints":{"allow":["GET"]}}],"collection":[{"href":"https:\/\/www.gibak.es\/eu\/wp-json\/wp\/v2\/pages"}],"about":[{"href":"https:\/\/www.gibak.es\/eu\/wp-json\/wp\/v2\/types\/page"}],"author":[{"embeddable":true,"href":"https:\/\/www.gibak.es\/eu\/wp-json\/wp\/v2\/users\/3"}],"replies":[{"embeddable":true,"href":"https:\/\/www.gibak.es\/eu\/wp-json\/wp\/v2\/comments?post=1984"}],"version-history":[{"count":10,"href":"https:\/\/www.gibak.es\/eu\/wp-json\/wp\/v2\/pages\/1984\/revisions"}],"predecessor-version":[{"id":2353,"href":"https:\/\/www.gibak.es\/eu\/wp-json\/wp\/v2\/pages\/1984\/revisions\/2353"}],"wp:attachment":[{"href":"https:\/\/www.gibak.es\/eu\/wp-json\/wp\/v2\/media?parent=1984"}],"curies":[{"name":"wp","href":"https:\/\/api.w.org\/{rel}","templated":true}]}}